{"id":333,"date":"2015-09-18T15:31:01","date_gmt":"2015-09-18T12:31:01","guid":{"rendered":"http:\/\/www.ottocarb.com.tr\/uygulama-alanlari\/"},"modified":"2021-08-04T16:44:52","modified_gmt":"2021-08-04T13:44:52","slug":"uygulama-alanlari","status":"publish","type":"page","link":"https:\/\/www.ottocarb.com.tr\/ru\/uygulama-alanlari\/","title":{"rendered":"\u0421\u0444\u0435\u0440\u0430 \u0437\u0430\u0441\u0442\u043e\u0441\u0443\u0432\u0430\u043d\u043d\u044f"},"content":{"rendered":"<hr class=\"no_line\" style=\"margin: 0 auto 20px auto\"\/>\n\n<h3>\u0414\u0435\u0442\u0430\u043b\u044c\u043d\u0430 \u0456\u043d\u0444\u043e\u0440\u043c\u0430\u0446\u0456\u044f \u043f\u0440\u043e \u0441\u0444\u0435\u0440\u0438 \u0432\u0438\u043a\u043e\u0440\u0438\u0441\u0442\u0430\u043d\u043d\u044f<\/h3>\n<div style=\"border-top: 1px solid #78221b; padding-top: 15px; margin-bottom: 15px;\">\n<a style=\"margin: 0 15px 0 0;font-size: 18px;line-height: 40px;\" href=\"http:\/\/www.ottocarb.com.tr\/uygulama-alanlari\/pvc-kablo-uygulamalari\/\">\u0417\u0430\u0441\u0442\u043e\u0441\u0443\u0432\u0430\u043d\u043d\u044f \u041f\u0412\u0425-\u043a\u0430\u0431\u0435\u043b\u0456\u0432<\/a><br \/>\n<a style=\"margin: 0 15px 0 0;font-size: 18px;line-height: 40px;\" href=\"http:\/\/www.ottocarb.com.tr\/uygulama-alanlari\/boyalarda-kalsiyum-karbonat\/\">\u041a\u0430\u0440\u0431\u043e\u043d\u0430\u0442 \u043a\u0430\u043b\u044c\u0446\u0456\u044e \u0432 \u0444\u0430\u0440\u0431\u0430\u0445<\/a><br \/>\n<a style=\"margin: 0 15px 0 0;font-size: 18px;line-height: 40px;\" href=\"http:\/\/www.ottocarb.com.tr\/uygulama-alanlari\/kagit-uretiminde-uygulamalar\/\">Ka\u011f\u0131t \u00dcretiminde Uygulamalar<\/a><br \/>\n<a style=\"margin: 0 15px 0 0;font-size: 18px;line-height: 40px;\" href=\"http:\/\/www.ottocarb.com.tr\/uygulama-alanlari\/elastomerlerde-kalsit-kullanimi\/\">Elastomerlerde Kalsit Kullan\u0131m\u0131<\/a><br \/>\n<a style=\"margin: 0 15px 0 0;font-size: 18px;line-height: 40px;\" href=\"http:\/\/www.ottocarb.com.tr\/uygulama-alanlari\/plastik-dolgusu-olarak-kalsiyum-karbonat\/\">Plastik Dolgusda Kalsiyum Karbonat<\/a><br \/>\n<a style=\"margin: 0 15px 0 0;font-size: 18px;line-height: 40px;\" href=\"http:\/\/www.ottocarb.com.tr\/uygulama-alanlari\/yapistirici-ve-dolgu-macunlarinda-kalsiyum-karbonat\/\">Yap\u0131\u015ft\u0131r\u0131c\u0131 ve Dolgu Macunlar\u0131nda Kalsiyum Karbonat<\/a>\n<\/div>\n","protected":false},"excerpt":{"rendered":"<p>\u0414\u0435\u0442\u0430\u043b\u044c\u043d\u0430 \u0456\u043d\u0444\u043e\u0440\u043c\u0430\u0446\u0456\u044f \u043f\u0440\u043e \u0441\u0444\u0435\u0440\u0438 \u0432\u0438\u043a\u043e\u0440\u0438\u0441\u0442\u0430\u043d\u043d\u044f \u0417\u0430\u0441\u0442\u043e\u0441\u0443\u0432\u0430\u043d\u043d\u044f \u041f\u0412\u0425-\u043a\u0430\u0431\u0435\u043b\u0456\u0432 \u041a\u0430\u0440\u0431\u043e\u043d\u0430\u0442 \u043a\u0430\u043b\u044c\u0446\u0456\u044e \u0432 \u0444\u0430\u0440\u0431\u0430\u0445 Ka\u011f\u0131t \u00dcretiminde Uygulamalar Elastomerlerde Kalsit Kullan\u0131m\u0131 Plastik Dolgusda Kalsiyum Karbonat Yap\u0131\u015ft\u0131r\u0131c\u0131 ve Dolgu Macunlar\u0131nda Kalsiyum<span class=\"excerpt-hellip\"> [\u2026]<\/span><\/p>\n","protected":false},"author":2,"featured_media":0,"parent":0,"menu_order":0,"comment_status":"closed","ping_status":"closed","template":"","meta":[],"yoast_head":"<!-- This site is optimized with the Yoast SEO plugin v16.7 - https:\/\/yoast.com\/wordpress\/plugins\/seo\/ -->\n<title>\u0421\u0444\u0435\u0440\u0430 \u0437\u0430\u0441\u0442\u043e\u0441\u0443\u0432\u0430\u043d\u043d\u044f | Ottocarb End\u00fcstriyel Mineraller San. Tic. A.\u015e.<\/title>\n<meta name=\"robots\" content=\"index, follow, max-snippet:-1, max-image-preview:large, max-video-preview:-1\" \/>\n<link rel=\"canonical\" href=\"https:\/\/www.ottocarb.com.tr\/ru\/uygulama-alanlari\/\" \/>\n<meta property=\"og:locale\" content=\"ru_RU\" \/>\n<meta property=\"og:type\" content=\"article\" \/>\n<meta property=\"og:title\" content=\"\u0421\u0444\u0435\u0440\u0430 \u0437\u0430\u0441\u0442\u043e\u0441\u0443\u0432\u0430\u043d\u043d\u044f | Ottocarb End\u00fcstriyel Mineraller San. Tic. A.\u015e.\" \/>\n<meta property=\"og:description\" content=\"\u0414\u0435\u0442\u0430\u043b\u044c\u043d\u0430 \u0456\u043d\u0444\u043e\u0440\u043c\u0430\u0446\u0456\u044f \u043f\u0440\u043e \u0441\u0444\u0435\u0440\u0438 \u0432\u0438\u043a\u043e\u0440\u0438\u0441\u0442\u0430\u043d\u043d\u044f \u0417\u0430\u0441\u0442\u043e\u0441\u0443\u0432\u0430\u043d\u043d\u044f \u041f\u0412\u0425-\u043a\u0430\u0431\u0435\u043b\u0456\u0432 \u041a\u0430\u0440\u0431\u043e\u043d\u0430\u0442 \u043a\u0430\u043b\u044c\u0446\u0456\u044e \u0432 \u0444\u0430\u0440\u0431\u0430\u0445 Ka\u011f\u0131t \u00dcretiminde Uygulamalar Elastomerlerde Kalsit Kullan\u0131m\u0131 Plastik Dolgusda Kalsiyum Karbonat Yap\u0131\u015ft\u0131r\u0131c\u0131 ve Dolgu Macunlar\u0131nda Kalsiyum [\u2026]\" \/>\n<meta property=\"og:url\" content=\"https:\/\/www.ottocarb.com.tr\/ru\/uygulama-alanlari\/\" \/>\n<meta property=\"og:site_name\" content=\"Ottocarb End\u00fcstriyel Mineraller San. Tic. A.\u015e.\" \/>\n<meta property=\"article:modified_time\" content=\"2021-08-04T13:44:52+00:00\" \/>\n<meta name=\"twitter:card\" content=\"summary\" \/>\n<script type=\"application\/ld+json\" class=\"yoast-schema-graph\">{\"@context\":\"https:\/\/schema.org\",\"@graph\":[{\"@type\":\"WebSite\",\"@id\":\"https:\/\/www.ottocarb.com.tr\/#website\",\"url\":\"https:\/\/www.ottocarb.com.tr\/\",\"name\":\"Ottocarb End\\u00fcstriyel Mineraller San. Tic. A.\\u015e.\",\"description\":\"Mikronize Kalsit Kalsiyum Karbonat (CaCO3) Sanayi\",\"potentialAction\":[{\"@type\":\"SearchAction\",\"target\":{\"@type\":\"EntryPoint\",\"urlTemplate\":\"https:\/\/www.ottocarb.com.tr\/?s={search_term_string}\"},\"query-input\":\"required name=search_term_string\"}],\"inLanguage\":\"ru-RU\"},{\"@type\":\"WebPage\",\"@id\":\"https:\/\/www.ottocarb.com.tr\/ru\/uygulama-alanlari\/#webpage\",\"url\":\"https:\/\/www.ottocarb.com.tr\/ru\/uygulama-alanlari\/\",\"name\":\"\\u0421\\u0444\\u0435\\u0440\\u0430 \\u0437\\u0430\\u0441\\u0442\\u043e\\u0441\\u0443\\u0432\\u0430\\u043d\\u043d\\u044f | Ottocarb End\\u00fcstriyel Mineraller San. Tic. A.\\u015e.\",\"isPartOf\":{\"@id\":\"https:\/\/www.ottocarb.com.tr\/#website\"},\"datePublished\":\"2015-09-18T12:31:01+00:00\",\"dateModified\":\"2021-08-04T13:44:52+00:00\",\"breadcrumb\":{\"@id\":\"https:\/\/www.ottocarb.com.tr\/ru\/uygulama-alanlari\/#breadcrumb\"},\"inLanguage\":\"ru-RU\",\"potentialAction\":[{\"@type\":\"ReadAction\",\"target\":[\"https:\/\/www.ottocarb.com.tr\/ru\/uygulama-alanlari\/\"]}]},{\"@type\":\"BreadcrumbList\",\"@id\":\"https:\/\/www.ottocarb.com.tr\/ru\/uygulama-alanlari\/#breadcrumb\",\"itemListElement\":[{\"@type\":\"ListItem\",\"position\":1,\"name\":\"Ana sayfa\",\"item\":\"http:\/\/www.ottocarb.com.tr\/ru\/\"},{\"@type\":\"ListItem\",\"position\":2,\"name\":\"\\u0421\\u0444\\u0435\\u0440\\u0430 \\u0437\\u0430\\u0441\\u0442\\u043e\\u0441\\u0443\\u0432\\u0430\\u043d\\u043d\\u044f\"}]}]}<\/script>\n<!-- \/ Yoast SEO plugin. -->","yoast_head_json":{"title":"\u0421\u0444\u0435\u0440\u0430 \u0437\u0430\u0441\u0442\u043e\u0441\u0443\u0432\u0430\u043d\u043d\u044f | Ottocarb End\u00fcstriyel Mineraller San. Tic. A.\u015e.","robots":{"index":"index","follow":"follow","max-snippet":"max-snippet:-1","max-image-preview":"max-image-preview:large","max-video-preview":"max-video-preview:-1"},"canonical":"https:\/\/www.ottocarb.com.tr\/ru\/uygulama-alanlari\/","og_locale":"ru_RU","og_type":"article","og_title":"\u0421\u0444\u0435\u0440\u0430 \u0437\u0430\u0441\u0442\u043e\u0441\u0443\u0432\u0430\u043d\u043d\u044f | Ottocarb End\u00fcstriyel Mineraller San. Tic. A.\u015e.","og_description":"\u0414\u0435\u0442\u0430\u043b\u044c\u043d\u0430 \u0456\u043d\u0444\u043e\u0440\u043c\u0430\u0446\u0456\u044f \u043f\u0440\u043e \u0441\u0444\u0435\u0440\u0438 \u0432\u0438\u043a\u043e\u0440\u0438\u0441\u0442\u0430\u043d\u043d\u044f \u0417\u0430\u0441\u0442\u043e\u0441\u0443\u0432\u0430\u043d\u043d\u044f \u041f\u0412\u0425-\u043a\u0430\u0431\u0435\u043b\u0456\u0432 \u041a\u0430\u0440\u0431\u043e\u043d\u0430\u0442 \u043a\u0430\u043b\u044c\u0446\u0456\u044e \u0432 \u0444\u0430\u0440\u0431\u0430\u0445 Ka\u011f\u0131t \u00dcretiminde Uygulamalar Elastomerlerde Kalsit Kullan\u0131m\u0131 Plastik Dolgusda Kalsiyum Karbonat Yap\u0131\u015ft\u0131r\u0131c\u0131 ve Dolgu Macunlar\u0131nda Kalsiyum [\u2026]","og_url":"https:\/\/www.ottocarb.com.tr\/ru\/uygulama-alanlari\/","og_site_name":"Ottocarb End\u00fcstriyel Mineraller San. Tic. A.\u015e.","article_modified_time":"2021-08-04T13:44:52+00:00","twitter_card":"summary","schema":{"@context":"https:\/\/schema.org","@graph":[{"@type":"WebSite","@id":"https:\/\/www.ottocarb.com.tr\/#website","url":"https:\/\/www.ottocarb.com.tr\/","name":"Ottocarb End\u00fcstriyel Mineraller San. Tic. A.\u015e.","description":"Mikronize Kalsit Kalsiyum Karbonat (CaCO3) Sanayi","potentialAction":[{"@type":"SearchAction","target":{"@type":"EntryPoint","urlTemplate":"https:\/\/www.ottocarb.com.tr\/?s={search_term_string}"},"query-input":"required name=search_term_string"}],"inLanguage":"ru-RU"},{"@type":"WebPage","@id":"https:\/\/www.ottocarb.com.tr\/ru\/uygulama-alanlari\/#webpage","url":"https:\/\/www.ottocarb.com.tr\/ru\/uygulama-alanlari\/","name":"\u0421\u0444\u0435\u0440\u0430 \u0437\u0430\u0441\u0442\u043e\u0441\u0443\u0432\u0430\u043d\u043d\u044f | Ottocarb End\u00fcstriyel Mineraller San. Tic. A.\u015e.","isPartOf":{"@id":"https:\/\/www.ottocarb.com.tr\/#website"},"datePublished":"2015-09-18T12:31:01+00:00","dateModified":"2021-08-04T13:44:52+00:00","breadcrumb":{"@id":"https:\/\/www.ottocarb.com.tr\/ru\/uygulama-alanlari\/#breadcrumb"},"inLanguage":"ru-RU","potentialAction":[{"@type":"ReadAction","target":["https:\/\/www.ottocarb.com.tr\/ru\/uygulama-alanlari\/"]}]},{"@type":"BreadcrumbList","@id":"https:\/\/www.ottocarb.com.tr\/ru\/uygulama-alanlari\/#breadcrumb","itemListElement":[{"@type":"ListItem","position":1,"name":"Ana sayfa","item":"http:\/\/www.ottocarb.com.tr\/ru\/"},{"@type":"ListItem","position":2,"name":"\u0421\u0444\u0435\u0440\u0430 \u0437\u0430\u0441\u0442\u043e\u0441\u0443\u0432\u0430\u043d\u043d\u044f"}]}]}},"_links":{"self":[{"href":"https:\/\/www.ottocarb.com.tr\/ru\/wp-json\/wp\/v2\/pages\/333"}],"collection":[{"href":"https:\/\/www.ottocarb.com.tr\/ru\/wp-json\/wp\/v2\/pages"}],"about":[{"href":"https:\/\/www.ottocarb.com.tr\/ru\/wp-json\/wp\/v2\/types\/page"}],"author":[{"embeddable":true,"href":"https:\/\/www.ottocarb.com.tr\/ru\/wp-json\/wp\/v2\/users\/2"}],"replies":[{"embeddable":true,"href":"https:\/\/www.ottocarb.com.tr\/ru\/wp-json\/wp\/v2\/comments?post=333"}],"version-history":[{"count":2,"href":"https:\/\/www.ottocarb.com.tr\/ru\/wp-json\/wp\/v2\/pages\/333\/revisions"}],"predecessor-version":[{"id":415,"href":"https:\/\/www.ottocarb.com.tr\/ru\/wp-json\/wp\/v2\/pages\/333\/revisions\/415"}],"wp:attachment":[{"href":"https:\/\/www.ottocarb.com.tr\/ru\/wp-json\/wp\/v2\/media?parent=333"}],"curies":[{"name":"wp","href":"https:\/\/api.w.org\/{rel}","templated":true}]}}