{"id":324,"date":"2015-09-18T10:10:26","date_gmt":"2015-09-18T07:10:26","guid":{"rendered":"http:\/\/www.ottocarb.com.tr\/kurumsal\/"},"modified":"2021-09-14T13:29:04","modified_gmt":"2021-09-14T10:29:04","slug":"kurumsal","status":"publish","type":"page","link":"https:\/\/www.ottocarb.com.tr\/en\/kurumsal\/","title":{"rendered":"ABOUT US"},"content":{"rendered":"","protected":false},"excerpt":{"rendered":"","protected":false},"author":2,"featured_media":0,"parent":0,"menu_order":0,"comment_status":"closed","ping_status":"closed","template":"","meta":[],"yoast_head":"<!-- This site is optimized with the Yoast SEO plugin v16.7 - https:\/\/yoast.com\/wordpress\/plugins\/seo\/ -->\n<title>ABOUT US | Ottocarb End\u00fcstriyel Mineraller San. Tic. A.\u015e.<\/title>\n<meta name=\"description\" content=\"Ottocarb End\u00fcstriyel Mineraller Sanayi ve Ticaret Anonim \u015eirketi 2013 y\u0131l\u0131nda Afyonkarahisar \u0130linin \u0130scehisar OSB\u2019de 13000 m\u00b2 alan \u00fczerine kurulmu\u015ftur.\" \/>\n<meta name=\"robots\" content=\"index, follow, max-snippet:-1, max-image-preview:large, max-video-preview:-1\" \/>\n<link rel=\"canonical\" href=\"https:\/\/www.ottocarb.com.tr\/en\/kurumsal\/\" \/>\n<meta property=\"og:locale\" content=\"en_US\" \/>\n<meta property=\"og:type\" content=\"article\" \/>\n<meta property=\"og:title\" content=\"ABOUT US | Ottocarb End\u00fcstriyel Mineraller San. Tic. A.\u015e.\" \/>\n<meta property=\"og:description\" content=\"Ottocarb End\u00fcstriyel Mineraller Sanayi ve Ticaret Anonim \u015eirketi 2013 y\u0131l\u0131nda Afyonkarahisar \u0130linin \u0130scehisar OSB\u2019de 13000 m\u00b2 alan \u00fczerine kurulmu\u015ftur.\" \/>\n<meta property=\"og:url\" content=\"https:\/\/www.ottocarb.com.tr\/en\/kurumsal\/\" \/>\n<meta property=\"og:site_name\" content=\"Ottocarb End\u00fcstriyel Mineraller San. Tic. A.\u015e.\" \/>\n<meta property=\"article:modified_time\" content=\"2021-09-14T10:29:04+00:00\" \/>\n<meta name=\"twitter:card\" content=\"summary\" \/>\n<script type=\"application\/ld+json\" class=\"yoast-schema-graph\">{\"@context\":\"https:\/\/schema.org\",\"@graph\":[{\"@type\":\"WebSite\",\"@id\":\"https:\/\/www.ottocarb.com.tr\/#website\",\"url\":\"https:\/\/www.ottocarb.com.tr\/\",\"name\":\"Ottocarb End\\u00fcstriyel Mineraller San. Tic. A.\\u015e.\",\"description\":\"Mikronize Kalsit Kalsiyum Karbonat (CaCO3) Sanayi\",\"potentialAction\":[{\"@type\":\"SearchAction\",\"target\":{\"@type\":\"EntryPoint\",\"urlTemplate\":\"https:\/\/www.ottocarb.com.tr\/?s={search_term_string}\"},\"query-input\":\"required name=search_term_string\"}],\"inLanguage\":\"en-US\"},{\"@type\":\"WebPage\",\"@id\":\"https:\/\/www.ottocarb.com.tr\/en\/kurumsal\/#webpage\",\"url\":\"https:\/\/www.ottocarb.com.tr\/en\/kurumsal\/\",\"name\":\"ABOUT US | Ottocarb End\\u00fcstriyel Mineraller San. Tic. A.\\u015e.\",\"isPartOf\":{\"@id\":\"https:\/\/www.ottocarb.com.tr\/#website\"},\"datePublished\":\"2015-09-18T07:10:26+00:00\",\"dateModified\":\"2021-09-14T10:29:04+00:00\",\"description\":\"Ottocarb End\\u00fcstriyel Mineraller Sanayi ve Ticaret Anonim \\u015eirketi 2013 y\\u0131l\\u0131nda Afyonkarahisar \\u0130linin \\u0130scehisar OSB\\u2019de 13000 m\\u00b2 alan \\u00fczerine kurulmu\\u015ftur.\",\"breadcrumb\":{\"@id\":\"https:\/\/www.ottocarb.com.tr\/en\/kurumsal\/#breadcrumb\"},\"inLanguage\":\"en-US\",\"potentialAction\":[{\"@type\":\"ReadAction\",\"target\":[\"https:\/\/www.ottocarb.com.tr\/en\/kurumsal\/\"]}]},{\"@type\":\"BreadcrumbList\",\"@id\":\"https:\/\/www.ottocarb.com.tr\/en\/kurumsal\/#breadcrumb\",\"itemListElement\":[{\"@type\":\"ListItem\",\"position\":1,\"name\":\"Ana sayfa\",\"item\":\"http:\/\/www.ottocarb.com.tr\/en\/\"},{\"@type\":\"ListItem\",\"position\":2,\"name\":\"ABOUT US\"}]}]}<\/script>\n<!-- \/ Yoast SEO plugin. -->","yoast_head_json":{"title":"ABOUT US | Ottocarb End\u00fcstriyel Mineraller San. Tic. A.\u015e.","description":"Ottocarb End\u00fcstriyel Mineraller Sanayi ve Ticaret Anonim \u015eirketi 2013 y\u0131l\u0131nda Afyonkarahisar \u0130linin \u0130scehisar OSB\u2019de 13000 m\u00b2 alan \u00fczerine kurulmu\u015ftur.","robots":{"index":"index","follow":"follow","max-snippet":"max-snippet:-1","max-image-preview":"max-image-preview:large","max-video-preview":"max-video-preview:-1"},"canonical":"https:\/\/www.ottocarb.com.tr\/en\/kurumsal\/","og_locale":"en_US","og_type":"article","og_title":"ABOUT US | Ottocarb End\u00fcstriyel Mineraller San. Tic. A.\u015e.","og_description":"Ottocarb End\u00fcstriyel Mineraller Sanayi ve Ticaret Anonim \u015eirketi 2013 y\u0131l\u0131nda Afyonkarahisar \u0130linin \u0130scehisar OSB\u2019de 13000 m\u00b2 alan \u00fczerine kurulmu\u015ftur.","og_url":"https:\/\/www.ottocarb.com.tr\/en\/kurumsal\/","og_site_name":"Ottocarb End\u00fcstriyel Mineraller San. Tic. A.\u015e.","article_modified_time":"2021-09-14T10:29:04+00:00","twitter_card":"summary","schema":{"@context":"https:\/\/schema.org","@graph":[{"@type":"WebSite","@id":"https:\/\/www.ottocarb.com.tr\/#website","url":"https:\/\/www.ottocarb.com.tr\/","name":"Ottocarb End\u00fcstriyel Mineraller San. Tic. A.\u015e.","description":"Mikronize Kalsit Kalsiyum Karbonat (CaCO3) Sanayi","potentialAction":[{"@type":"SearchAction","target":{"@type":"EntryPoint","urlTemplate":"https:\/\/www.ottocarb.com.tr\/?s={search_term_string}"},"query-input":"required name=search_term_string"}],"inLanguage":"en-US"},{"@type":"WebPage","@id":"https:\/\/www.ottocarb.com.tr\/en\/kurumsal\/#webpage","url":"https:\/\/www.ottocarb.com.tr\/en\/kurumsal\/","name":"ABOUT US | Ottocarb End\u00fcstriyel Mineraller San. Tic. A.\u015e.","isPartOf":{"@id":"https:\/\/www.ottocarb.com.tr\/#website"},"datePublished":"2015-09-18T07:10:26+00:00","dateModified":"2021-09-14T10:29:04+00:00","description":"Ottocarb End\u00fcstriyel Mineraller Sanayi ve Ticaret Anonim \u015eirketi 2013 y\u0131l\u0131nda Afyonkarahisar \u0130linin \u0130scehisar OSB\u2019de 13000 m\u00b2 alan \u00fczerine kurulmu\u015ftur.","breadcrumb":{"@id":"https:\/\/www.ottocarb.com.tr\/en\/kurumsal\/#breadcrumb"},"inLanguage":"en-US","potentialAction":[{"@type":"ReadAction","target":["https:\/\/www.ottocarb.com.tr\/en\/kurumsal\/"]}]},{"@type":"BreadcrumbList","@id":"https:\/\/www.ottocarb.com.tr\/en\/kurumsal\/#breadcrumb","itemListElement":[{"@type":"ListItem","position":1,"name":"Ana sayfa","item":"http:\/\/www.ottocarb.com.tr\/en\/"},{"@type":"ListItem","position":2,"name":"ABOUT US"}]}]}},"_links":{"self":[{"href":"https:\/\/www.ottocarb.com.tr\/en\/wp-json\/wp\/v2\/pages\/324"}],"collection":[{"href":"https:\/\/www.ottocarb.com.tr\/en\/wp-json\/wp\/v2\/pages"}],"about":[{"href":"https:\/\/www.ottocarb.com.tr\/en\/wp-json\/wp\/v2\/types\/page"}],"author":[{"embeddable":true,"href":"https:\/\/www.ottocarb.com.tr\/en\/wp-json\/wp\/v2\/users\/2"}],"replies":[{"embeddable":true,"href":"https:\/\/www.ottocarb.com.tr\/en\/wp-json\/wp\/v2\/comments?post=324"}],"version-history":[{"count":3,"href":"https:\/\/www.ottocarb.com.tr\/en\/wp-json\/wp\/v2\/pages\/324\/revisions"}],"predecessor-version":[{"id":433,"href":"https:\/\/www.ottocarb.com.tr\/en\/wp-json\/wp\/v2\/pages\/324\/revisions\/433"}],"wp:attachment":[{"href":"https:\/\/www.ottocarb.com.tr\/en\/wp-json\/wp\/v2\/media?parent=324"}],"curies":[{"name":"wp","href":"https:\/\/api.w.org\/{rel}","templated":true}]}}