{"id":315,"date":"2015-09-19T13:34:17","date_gmt":"2015-09-19T10:34:17","guid":{"rendered":"http:\/\/www.ottocarb.com.tr\/iletisim\/"},"modified":"2021-09-14T16:43:11","modified_gmt":"2021-09-14T13:43:11","slug":"iletisim","status":"publish","type":"page","link":"https:\/\/www.ottocarb.com.tr\/en\/iletisim\/","title":{"rendered":"CONTACT"},"content":{"rendered":"","protected":false},"excerpt":{"rendered":"","protected":false},"author":2,"featured_media":0,"parent":0,"menu_order":0,"comment_status":"closed","ping_status":"closed","template":"","meta":[],"yoast_head":"<!-- This site is optimized with the Yoast SEO plugin v16.7 - https:\/\/yoast.com\/wordpress\/plugins\/seo\/ -->\n<title>CONTACT | Ottocarb End\u00fcstriyel Mineraller San. Tic. A.\u015e.<\/title>\n<meta name=\"description\" content=\"\u0130scehisar Mermer \u0130htisas OSB. 5.Cad. No:3 \u0130SCEH\u0130SAR \/AFYONKARAH\u0130SAR Tel: 0 272 341 56 58 | Faks: +90 272 341 56 59 E-posta: info(at)ottocarb.com.tr\" \/>\n<meta name=\"robots\" content=\"index, follow, max-snippet:-1, max-image-preview:large, max-video-preview:-1\" \/>\n<link rel=\"canonical\" href=\"https:\/\/www.ottocarb.com.tr\/en\/iletisim\/\" \/>\n<meta property=\"og:locale\" content=\"en_US\" \/>\n<meta property=\"og:type\" content=\"article\" \/>\n<meta property=\"og:title\" content=\"CONTACT | Ottocarb End\u00fcstriyel Mineraller San. Tic. A.\u015e.\" \/>\n<meta property=\"og:description\" content=\"\u0130scehisar Mermer \u0130htisas OSB. 5.Cad. No:3 \u0130SCEH\u0130SAR \/AFYONKARAH\u0130SAR Tel: 0 272 341 56 58 | Faks: +90 272 341 56 59 E-posta: info(at)ottocarb.com.tr\" \/>\n<meta property=\"og:url\" content=\"https:\/\/www.ottocarb.com.tr\/en\/iletisim\/\" \/>\n<meta property=\"og:site_name\" content=\"Ottocarb End\u00fcstriyel Mineraller San. Tic. A.\u015e.\" \/>\n<meta property=\"article:modified_time\" content=\"2021-09-14T13:43:11+00:00\" \/>\n<meta name=\"twitter:card\" content=\"summary\" \/>\n<script type=\"application\/ld+json\" class=\"yoast-schema-graph\">{\"@context\":\"https:\/\/schema.org\",\"@graph\":[{\"@type\":\"WebSite\",\"@id\":\"https:\/\/www.ottocarb.com.tr\/#website\",\"url\":\"https:\/\/www.ottocarb.com.tr\/\",\"name\":\"Ottocarb End\\u00fcstriyel Mineraller San. Tic. A.\\u015e.\",\"description\":\"Mikronize Kalsit Kalsiyum Karbonat (CaCO3) Sanayi\",\"potentialAction\":[{\"@type\":\"SearchAction\",\"target\":{\"@type\":\"EntryPoint\",\"urlTemplate\":\"https:\/\/www.ottocarb.com.tr\/?s={search_term_string}\"},\"query-input\":\"required name=search_term_string\"}],\"inLanguage\":\"en-US\"},{\"@type\":\"WebPage\",\"@id\":\"https:\/\/www.ottocarb.com.tr\/en\/iletisim\/#webpage\",\"url\":\"https:\/\/www.ottocarb.com.tr\/en\/iletisim\/\",\"name\":\"CONTACT | Ottocarb End\\u00fcstriyel Mineraller San. Tic. A.\\u015e.\",\"isPartOf\":{\"@id\":\"https:\/\/www.ottocarb.com.tr\/#website\"},\"datePublished\":\"2015-09-19T10:34:17+00:00\",\"dateModified\":\"2021-09-14T13:43:11+00:00\",\"description\":\"\\u0130scehisar Mermer \\u0130htisas OSB. 5.Cad. No:3 \\u0130SCEH\\u0130SAR \/AFYONKARAH\\u0130SAR Tel: 0 272 341 56 58 | Faks: +90 272 341 56 59 E-posta: info(at)ottocarb.com.tr\",\"breadcrumb\":{\"@id\":\"https:\/\/www.ottocarb.com.tr\/en\/iletisim\/#breadcrumb\"},\"inLanguage\":\"en-US\",\"potentialAction\":[{\"@type\":\"ReadAction\",\"target\":[\"https:\/\/www.ottocarb.com.tr\/en\/iletisim\/\"]}]},{\"@type\":\"BreadcrumbList\",\"@id\":\"https:\/\/www.ottocarb.com.tr\/en\/iletisim\/#breadcrumb\",\"itemListElement\":[{\"@type\":\"ListItem\",\"position\":1,\"name\":\"Ana sayfa\",\"item\":\"http:\/\/www.ottocarb.com.tr\/en\/\"},{\"@type\":\"ListItem\",\"position\":2,\"name\":\"CONTACT\"}]}]}<\/script>\n<!-- \/ Yoast SEO plugin. -->","yoast_head_json":{"title":"CONTACT | Ottocarb End\u00fcstriyel Mineraller San. Tic. A.\u015e.","description":"\u0130scehisar Mermer \u0130htisas OSB. 5.Cad. No:3 \u0130SCEH\u0130SAR \/AFYONKARAH\u0130SAR Tel: 0 272 341 56 58 | Faks: +90 272 341 56 59 E-posta: info(at)ottocarb.com.tr","robots":{"index":"index","follow":"follow","max-snippet":"max-snippet:-1","max-image-preview":"max-image-preview:large","max-video-preview":"max-video-preview:-1"},"canonical":"https:\/\/www.ottocarb.com.tr\/en\/iletisim\/","og_locale":"en_US","og_type":"article","og_title":"CONTACT | Ottocarb End\u00fcstriyel Mineraller San. Tic. A.\u015e.","og_description":"\u0130scehisar Mermer \u0130htisas OSB. 5.Cad. No:3 \u0130SCEH\u0130SAR \/AFYONKARAH\u0130SAR Tel: 0 272 341 56 58 | Faks: +90 272 341 56 59 E-posta: info(at)ottocarb.com.tr","og_url":"https:\/\/www.ottocarb.com.tr\/en\/iletisim\/","og_site_name":"Ottocarb End\u00fcstriyel Mineraller San. Tic. A.\u015e.","article_modified_time":"2021-09-14T13:43:11+00:00","twitter_card":"summary","schema":{"@context":"https:\/\/schema.org","@graph":[{"@type":"WebSite","@id":"https:\/\/www.ottocarb.com.tr\/#website","url":"https:\/\/www.ottocarb.com.tr\/","name":"Ottocarb End\u00fcstriyel Mineraller San. Tic. A.\u015e.","description":"Mikronize Kalsit Kalsiyum Karbonat (CaCO3) Sanayi","potentialAction":[{"@type":"SearchAction","target":{"@type":"EntryPoint","urlTemplate":"https:\/\/www.ottocarb.com.tr\/?s={search_term_string}"},"query-input":"required name=search_term_string"}],"inLanguage":"en-US"},{"@type":"WebPage","@id":"https:\/\/www.ottocarb.com.tr\/en\/iletisim\/#webpage","url":"https:\/\/www.ottocarb.com.tr\/en\/iletisim\/","name":"CONTACT | Ottocarb End\u00fcstriyel Mineraller San. Tic. A.\u015e.","isPartOf":{"@id":"https:\/\/www.ottocarb.com.tr\/#website"},"datePublished":"2015-09-19T10:34:17+00:00","dateModified":"2021-09-14T13:43:11+00:00","description":"\u0130scehisar Mermer \u0130htisas OSB. 5.Cad. No:3 \u0130SCEH\u0130SAR \/AFYONKARAH\u0130SAR Tel: 0 272 341 56 58 | Faks: +90 272 341 56 59 E-posta: info(at)ottocarb.com.tr","breadcrumb":{"@id":"https:\/\/www.ottocarb.com.tr\/en\/iletisim\/#breadcrumb"},"inLanguage":"en-US","potentialAction":[{"@type":"ReadAction","target":["https:\/\/www.ottocarb.com.tr\/en\/iletisim\/"]}]},{"@type":"BreadcrumbList","@id":"https:\/\/www.ottocarb.com.tr\/en\/iletisim\/#breadcrumb","itemListElement":[{"@type":"ListItem","position":1,"name":"Ana sayfa","item":"http:\/\/www.ottocarb.com.tr\/en\/"},{"@type":"ListItem","position":2,"name":"CONTACT"}]}]}},"_links":{"self":[{"href":"https:\/\/www.ottocarb.com.tr\/en\/wp-json\/wp\/v2\/pages\/315"}],"collection":[{"href":"https:\/\/www.ottocarb.com.tr\/en\/wp-json\/wp\/v2\/pages"}],"about":[{"href":"https:\/\/www.ottocarb.com.tr\/en\/wp-json\/wp\/v2\/types\/page"}],"author":[{"embeddable":true,"href":"https:\/\/www.ottocarb.com.tr\/en\/wp-json\/wp\/v2\/users\/2"}],"replies":[{"embeddable":true,"href":"https:\/\/www.ottocarb.com.tr\/en\/wp-json\/wp\/v2\/comments?post=315"}],"version-history":[{"count":2,"href":"https:\/\/www.ottocarb.com.tr\/en\/wp-json\/wp\/v2\/pages\/315\/revisions"}],"predecessor-version":[{"id":439,"href":"https:\/\/www.ottocarb.com.tr\/en\/wp-json\/wp\/v2\/pages\/315\/revisions\/439"}],"wp:attachment":[{"href":"https:\/\/www.ottocarb.com.tr\/en\/wp-json\/wp\/v2\/media?parent=315"}],"curies":[{"name":"wp","href":"https:\/\/api.w.org\/{rel}","templated":true}]}}