{"id":327,"date":"2015-09-18T16:40:46","date_gmt":"2015-09-18T13:40:46","guid":{"rendered":"http:\/\/www.ottocarb.com.tr\/laboratuvar\/"},"modified":"2021-08-04T16:42:59","modified_gmt":"2021-08-04T13:42:59","slug":"laboratuvar","status":"publish","type":"page","link":"http:\/\/www.ottocarb.com.tr\/ru\/laboratuvar\/","title":{"rendered":"LABORATUVAR"},"content":{"rendered":"","protected":false},"excerpt":{"rendered":"","protected":false},"author":2,"featured_media":0,"parent":0,"menu_order":0,"comment_status":"closed","ping_status":"closed","template":"","meta":[],"yoast_head":"<!-- This site is optimized with the Yoast SEO plugin v16.7 - https:\/\/yoast.com\/wordpress\/plugins\/seo\/ -->\n<title>LABORATUVAR | Ottocarb End\u00fcstriyel Mineraller San. Tic. A.\u015e.<\/title>\n<meta name=\"description\" content=\"Kalite G\u00fcvence Birimimizde ise \u00dcst y\u00f6netim, \u00dcretim ve Kalite kontrol personellerimizin olu\u015fturdu\u011fu Kalite ve AR-GE Grubumuz teknik destek ama\u00e7l\u0131 t\u00fcm m\u00fc\u015fterilerimizin 7\/24 hizmetindedir.\" \/>\n<meta name=\"robots\" content=\"index, follow, max-snippet:-1, max-image-preview:large, max-video-preview:-1\" \/>\n<link rel=\"canonical\" href=\"http:\/\/www.ottocarb.com.tr\/ru\/laboratuvar\/\" \/>\n<meta property=\"og:locale\" content=\"ru_RU\" \/>\n<meta property=\"og:type\" content=\"article\" \/>\n<meta property=\"og:title\" content=\"LABORATUVAR | Ottocarb End\u00fcstriyel Mineraller San. Tic. A.\u015e.\" \/>\n<meta property=\"og:description\" content=\"Kalite G\u00fcvence Birimimizde ise \u00dcst y\u00f6netim, \u00dcretim ve Kalite kontrol personellerimizin olu\u015fturdu\u011fu Kalite ve AR-GE Grubumuz teknik destek ama\u00e7l\u0131 t\u00fcm m\u00fc\u015fterilerimizin 7\/24 hizmetindedir.\" \/>\n<meta property=\"og:url\" content=\"http:\/\/www.ottocarb.com.tr\/ru\/laboratuvar\/\" \/>\n<meta property=\"og:site_name\" content=\"Ottocarb End\u00fcstriyel Mineraller San. Tic. A.\u015e.\" \/>\n<meta property=\"article:modified_time\" content=\"2021-08-04T13:42:59+00:00\" \/>\n<meta name=\"twitter:card\" content=\"summary\" \/>\n<script type=\"application\/ld+json\" class=\"yoast-schema-graph\">{\"@context\":\"https:\/\/schema.org\",\"@graph\":[{\"@type\":\"WebSite\",\"@id\":\"https:\/\/www.ottocarb.com.tr\/#website\",\"url\":\"https:\/\/www.ottocarb.com.tr\/\",\"name\":\"Ottocarb End\\u00fcstriyel Mineraller San. Tic. A.\\u015e.\",\"description\":\"Mikronize Kalsit Kalsiyum Karbonat (CaCO3) Sanayi\",\"potentialAction\":[{\"@type\":\"SearchAction\",\"target\":{\"@type\":\"EntryPoint\",\"urlTemplate\":\"https:\/\/www.ottocarb.com.tr\/?s={search_term_string}\"},\"query-input\":\"required name=search_term_string\"}],\"inLanguage\":\"ru-RU\"},{\"@type\":\"WebPage\",\"@id\":\"http:\/\/www.ottocarb.com.tr\/ru\/laboratuvar\/#webpage\",\"url\":\"http:\/\/www.ottocarb.com.tr\/ru\/laboratuvar\/\",\"name\":\"LABORATUVAR | Ottocarb End\\u00fcstriyel Mineraller San. Tic. A.\\u015e.\",\"isPartOf\":{\"@id\":\"https:\/\/www.ottocarb.com.tr\/#website\"},\"datePublished\":\"2015-09-18T13:40:46+00:00\",\"dateModified\":\"2021-08-04T13:42:59+00:00\",\"description\":\"Kalite G\\u00fcvence Birimimizde ise \\u00dcst y\\u00f6netim, \\u00dcretim ve Kalite kontrol personellerimizin olu\\u015fturdu\\u011fu Kalite ve AR-GE Grubumuz teknik destek ama\\u00e7l\\u0131 t\\u00fcm m\\u00fc\\u015fterilerimizin 7\/24 hizmetindedir.\",\"breadcrumb\":{\"@id\":\"http:\/\/www.ottocarb.com.tr\/ru\/laboratuvar\/#breadcrumb\"},\"inLanguage\":\"ru-RU\",\"potentialAction\":[{\"@type\":\"ReadAction\",\"target\":[\"http:\/\/www.ottocarb.com.tr\/ru\/laboratuvar\/\"]}]},{\"@type\":\"BreadcrumbList\",\"@id\":\"http:\/\/www.ottocarb.com.tr\/ru\/laboratuvar\/#breadcrumb\",\"itemListElement\":[{\"@type\":\"ListItem\",\"position\":1,\"name\":\"Ana sayfa\",\"item\":\"http:\/\/www.ottocarb.com.tr\/ru\/\"},{\"@type\":\"ListItem\",\"position\":2,\"name\":\"LABORATUVAR\"}]}]}<\/script>\n<!-- \/ Yoast SEO plugin. -->","yoast_head_json":{"title":"LABORATUVAR | Ottocarb End\u00fcstriyel Mineraller San. Tic. A.\u015e.","description":"Kalite G\u00fcvence Birimimizde ise \u00dcst y\u00f6netim, \u00dcretim ve Kalite kontrol personellerimizin olu\u015fturdu\u011fu Kalite ve AR-GE Grubumuz teknik destek ama\u00e7l\u0131 t\u00fcm m\u00fc\u015fterilerimizin 7\/24 hizmetindedir.","robots":{"index":"index","follow":"follow","max-snippet":"max-snippet:-1","max-image-preview":"max-image-preview:large","max-video-preview":"max-video-preview:-1"},"canonical":"http:\/\/www.ottocarb.com.tr\/ru\/laboratuvar\/","og_locale":"ru_RU","og_type":"article","og_title":"LABORATUVAR | Ottocarb End\u00fcstriyel Mineraller San. Tic. A.\u015e.","og_description":"Kalite G\u00fcvence Birimimizde ise \u00dcst y\u00f6netim, \u00dcretim ve Kalite kontrol personellerimizin olu\u015fturdu\u011fu Kalite ve AR-GE Grubumuz teknik destek ama\u00e7l\u0131 t\u00fcm m\u00fc\u015fterilerimizin 7\/24 hizmetindedir.","og_url":"http:\/\/www.ottocarb.com.tr\/ru\/laboratuvar\/","og_site_name":"Ottocarb End\u00fcstriyel Mineraller San. Tic. A.\u015e.","article_modified_time":"2021-08-04T13:42:59+00:00","twitter_card":"summary","schema":{"@context":"https:\/\/schema.org","@graph":[{"@type":"WebSite","@id":"https:\/\/www.ottocarb.com.tr\/#website","url":"https:\/\/www.ottocarb.com.tr\/","name":"Ottocarb End\u00fcstriyel Mineraller San. Tic. A.\u015e.","description":"Mikronize Kalsit Kalsiyum Karbonat (CaCO3) Sanayi","potentialAction":[{"@type":"SearchAction","target":{"@type":"EntryPoint","urlTemplate":"https:\/\/www.ottocarb.com.tr\/?s={search_term_string}"},"query-input":"required name=search_term_string"}],"inLanguage":"ru-RU"},{"@type":"WebPage","@id":"http:\/\/www.ottocarb.com.tr\/ru\/laboratuvar\/#webpage","url":"http:\/\/www.ottocarb.com.tr\/ru\/laboratuvar\/","name":"LABORATUVAR | Ottocarb End\u00fcstriyel Mineraller San. Tic. A.\u015e.","isPartOf":{"@id":"https:\/\/www.ottocarb.com.tr\/#website"},"datePublished":"2015-09-18T13:40:46+00:00","dateModified":"2021-08-04T13:42:59+00:00","description":"Kalite G\u00fcvence Birimimizde ise \u00dcst y\u00f6netim, \u00dcretim ve Kalite kontrol personellerimizin olu\u015fturdu\u011fu Kalite ve AR-GE Grubumuz teknik destek ama\u00e7l\u0131 t\u00fcm m\u00fc\u015fterilerimizin 7\/24 hizmetindedir.","breadcrumb":{"@id":"http:\/\/www.ottocarb.com.tr\/ru\/laboratuvar\/#breadcrumb"},"inLanguage":"ru-RU","potentialAction":[{"@type":"ReadAction","target":["http:\/\/www.ottocarb.com.tr\/ru\/laboratuvar\/"]}]},{"@type":"BreadcrumbList","@id":"http:\/\/www.ottocarb.com.tr\/ru\/laboratuvar\/#breadcrumb","itemListElement":[{"@type":"ListItem","position":1,"name":"Ana sayfa","item":"http:\/\/www.ottocarb.com.tr\/ru\/"},{"@type":"ListItem","position":2,"name":"LABORATUVAR"}]}]}},"_links":{"self":[{"href":"http:\/\/www.ottocarb.com.tr\/ru\/wp-json\/wp\/v2\/pages\/327"}],"collection":[{"href":"http:\/\/www.ottocarb.com.tr\/ru\/wp-json\/wp\/v2\/pages"}],"about":[{"href":"http:\/\/www.ottocarb.com.tr\/ru\/wp-json\/wp\/v2\/types\/page"}],"author":[{"embeddable":true,"href":"http:\/\/www.ottocarb.com.tr\/ru\/wp-json\/wp\/v2\/users\/2"}],"replies":[{"embeddable":true,"href":"http:\/\/www.ottocarb.com.tr\/ru\/wp-json\/wp\/v2\/comments?post=327"}],"version-history":[{"count":1,"href":"http:\/\/www.ottocarb.com.tr\/ru\/wp-json\/wp\/v2\/pages\/327\/revisions"}],"predecessor-version":[{"id":413,"href":"http:\/\/www.ottocarb.com.tr\/ru\/wp-json\/wp\/v2\/pages\/327\/revisions\/413"}],"wp:attachment":[{"href":"http:\/\/www.ottocarb.com.tr\/ru\/wp-json\/wp\/v2\/media?parent=327"}],"curies":[{"name":"wp","href":"https:\/\/api.w.org\/{rel}","templated":true}]}}