{"id":313,"date":"2015-06-11T15:22:47","date_gmt":"2015-06-11T12:22:47","guid":{"rendered":"http:\/\/www.ottocarb.com.tr\/anasayfa\/"},"modified":"2021-08-03T11:54:00","modified_gmt":"2021-08-03T08:54:00","slug":"anasayfa","status":"publish","type":"page","link":"http:\/\/www.ottocarb.com.tr\/ru\/","title":{"rendered":"ANASAYFA"},"content":{"rendered":"","protected":false},"excerpt":{"rendered":"","protected":false},"author":2,"featured_media":0,"parent":0,"menu_order":0,"comment_status":"closed","ping_status":"closed","template":"","meta":[],"yoast_head":"<!-- This site is optimized with the Yoast SEO plugin v16.7 - https:\/\/yoast.com\/wordpress\/plugins\/seo\/ -->\n<title>Ottocarb End\u00fcstriyel Mineraller San. Tic. A.\u015e.<\/title>\n<meta name=\"description\" content=\"Ottocarb End\u00fcstriyel Mineraller San. ve Tic. A.\u015e. Mikronize Kalsit sekt\u00f6r\u00fcnde KAL\u0130TE ile an\u0131lan bir marka haline gelmesi hedeflerimiz aras\u0131ndad\u0131r.\" \/>\n<meta name=\"robots\" content=\"index, follow, max-snippet:-1, max-image-preview:large, max-video-preview:-1\" \/>\n<link rel=\"canonical\" href=\"http:\/\/www.ottocarb.com.tr\/ru\/\" \/>\n<meta property=\"og:locale\" content=\"ru_RU\" \/>\n<meta property=\"og:type\" content=\"article\" \/>\n<meta property=\"og:title\" content=\"Ottocarb End\u00fcstriyel Mineraller San. Tic. A.\u015e.\" \/>\n<meta property=\"og:description\" content=\"Ottocarb End\u00fcstriyel Mineraller San. ve Tic. A.\u015e. Mikronize Kalsit sekt\u00f6r\u00fcnde KAL\u0130TE ile an\u0131lan bir marka haline gelmesi hedeflerimiz aras\u0131ndad\u0131r.\" \/>\n<meta property=\"og:url\" content=\"http:\/\/www.ottocarb.com.tr\/ru\/\" \/>\n<meta property=\"og:site_name\" content=\"Ottocarb End\u00fcstriyel Mineraller San. Tic. A.\u015e.\" \/>\n<meta property=\"article:modified_time\" content=\"2021-08-03T08:54:00+00:00\" \/>\n<meta name=\"twitter:card\" content=\"summary\" \/>\n<script type=\"application\/ld+json\" class=\"yoast-schema-graph\">{\"@context\":\"https:\/\/schema.org\",\"@graph\":[{\"@type\":\"WebSite\",\"@id\":\"https:\/\/www.ottocarb.com.tr\/#website\",\"url\":\"https:\/\/www.ottocarb.com.tr\/\",\"name\":\"Ottocarb End\\u00fcstriyel Mineraller San. Tic. A.\\u015e.\",\"description\":\"Mikronize Kalsit Kalsiyum Karbonat (CaCO3) Sanayi\",\"potentialAction\":[{\"@type\":\"SearchAction\",\"target\":{\"@type\":\"EntryPoint\",\"urlTemplate\":\"https:\/\/www.ottocarb.com.tr\/?s={search_term_string}\"},\"query-input\":\"required name=search_term_string\"}],\"inLanguage\":\"ru-RU\"},{\"@type\":\"WebPage\",\"@id\":\"http:\/\/www.ottocarb.com.tr\/ru\/#webpage\",\"url\":\"http:\/\/www.ottocarb.com.tr\/ru\/\",\"name\":\"Ottocarb End\\u00fcstriyel Mineraller San. Tic. A.\\u015e.\",\"isPartOf\":{\"@id\":\"https:\/\/www.ottocarb.com.tr\/#website\"},\"datePublished\":\"2015-06-11T12:22:47+00:00\",\"dateModified\":\"2021-08-03T08:54:00+00:00\",\"description\":\"Ottocarb End\\u00fcstriyel Mineraller San. ve Tic. A.\\u015e. Mikronize Kalsit sekt\\u00f6r\\u00fcnde KAL\\u0130TE ile an\\u0131lan bir marka haline gelmesi hedeflerimiz aras\\u0131ndad\\u0131r.\",\"breadcrumb\":{\"@id\":\"http:\/\/www.ottocarb.com.tr\/ru\/#breadcrumb\"},\"inLanguage\":\"ru-RU\",\"potentialAction\":[{\"@type\":\"ReadAction\",\"target\":[\"http:\/\/www.ottocarb.com.tr\/ru\/\"]}]},{\"@type\":\"BreadcrumbList\",\"@id\":\"http:\/\/www.ottocarb.com.tr\/ru\/#breadcrumb\",\"itemListElement\":[{\"@type\":\"ListItem\",\"position\":1,\"name\":\"Ana sayfa\",\"item\":\"http:\/\/www.ottocarb.com.tr\/ru\/\"},{\"@type\":\"ListItem\",\"position\":2,\"name\":\"ANASAYFA\"}]}]}<\/script>\n<!-- \/ Yoast SEO plugin. -->","yoast_head_json":{"title":"Ottocarb End\u00fcstriyel Mineraller San. Tic. A.\u015e.","description":"Ottocarb End\u00fcstriyel Mineraller San. ve Tic. A.\u015e. Mikronize Kalsit sekt\u00f6r\u00fcnde KAL\u0130TE ile an\u0131lan bir marka haline gelmesi hedeflerimiz aras\u0131ndad\u0131r.","robots":{"index":"index","follow":"follow","max-snippet":"max-snippet:-1","max-image-preview":"max-image-preview:large","max-video-preview":"max-video-preview:-1"},"canonical":"http:\/\/www.ottocarb.com.tr\/ru\/","og_locale":"ru_RU","og_type":"article","og_title":"Ottocarb End\u00fcstriyel Mineraller San. Tic. A.\u015e.","og_description":"Ottocarb End\u00fcstriyel Mineraller San. ve Tic. A.\u015e. Mikronize Kalsit sekt\u00f6r\u00fcnde KAL\u0130TE ile an\u0131lan bir marka haline gelmesi hedeflerimiz aras\u0131ndad\u0131r.","og_url":"http:\/\/www.ottocarb.com.tr\/ru\/","og_site_name":"Ottocarb End\u00fcstriyel Mineraller San. Tic. A.\u015e.","article_modified_time":"2021-08-03T08:54:00+00:00","twitter_card":"summary","schema":{"@context":"https:\/\/schema.org","@graph":[{"@type":"WebSite","@id":"https:\/\/www.ottocarb.com.tr\/#website","url":"https:\/\/www.ottocarb.com.tr\/","name":"Ottocarb End\u00fcstriyel Mineraller San. Tic. A.\u015e.","description":"Mikronize Kalsit Kalsiyum Karbonat (CaCO3) Sanayi","potentialAction":[{"@type":"SearchAction","target":{"@type":"EntryPoint","urlTemplate":"https:\/\/www.ottocarb.com.tr\/?s={search_term_string}"},"query-input":"required name=search_term_string"}],"inLanguage":"ru-RU"},{"@type":"WebPage","@id":"http:\/\/www.ottocarb.com.tr\/ru\/#webpage","url":"http:\/\/www.ottocarb.com.tr\/ru\/","name":"Ottocarb End\u00fcstriyel Mineraller San. Tic. A.\u015e.","isPartOf":{"@id":"https:\/\/www.ottocarb.com.tr\/#website"},"datePublished":"2015-06-11T12:22:47+00:00","dateModified":"2021-08-03T08:54:00+00:00","description":"Ottocarb End\u00fcstriyel Mineraller San. ve Tic. A.\u015e. Mikronize Kalsit sekt\u00f6r\u00fcnde KAL\u0130TE ile an\u0131lan bir marka haline gelmesi hedeflerimiz aras\u0131ndad\u0131r.","breadcrumb":{"@id":"http:\/\/www.ottocarb.com.tr\/ru\/#breadcrumb"},"inLanguage":"ru-RU","potentialAction":[{"@type":"ReadAction","target":["http:\/\/www.ottocarb.com.tr\/ru\/"]}]},{"@type":"BreadcrumbList","@id":"http:\/\/www.ottocarb.com.tr\/ru\/#breadcrumb","itemListElement":[{"@type":"ListItem","position":1,"name":"Ana sayfa","item":"http:\/\/www.ottocarb.com.tr\/ru\/"},{"@type":"ListItem","position":2,"name":"ANASAYFA"}]}]}},"_links":{"self":[{"href":"http:\/\/www.ottocarb.com.tr\/ru\/wp-json\/wp\/v2\/pages\/313"}],"collection":[{"href":"http:\/\/www.ottocarb.com.tr\/ru\/wp-json\/wp\/v2\/pages"}],"about":[{"href":"http:\/\/www.ottocarb.com.tr\/ru\/wp-json\/wp\/v2\/types\/page"}],"author":[{"embeddable":true,"href":"http:\/\/www.ottocarb.com.tr\/ru\/wp-json\/wp\/v2\/users\/2"}],"replies":[{"embeddable":true,"href":"http:\/\/www.ottocarb.com.tr\/ru\/wp-json\/wp\/v2\/comments?post=313"}],"version-history":[{"count":2,"href":"http:\/\/www.ottocarb.com.tr\/ru\/wp-json\/wp\/v2\/pages\/313\/revisions"}],"predecessor-version":[{"id":406,"href":"http:\/\/www.ottocarb.com.tr\/ru\/wp-json\/wp\/v2\/pages\/313\/revisions\/406"}],"wp:attachment":[{"href":"http:\/\/www.ottocarb.com.tr\/ru\/wp-json\/wp\/v2\/media?parent=313"}],"curies":[{"name":"wp","href":"https:\/\/api.w.org\/{rel}","templated":true}]}}