{"id":328,"date":"2015-09-18T16:20:17","date_gmt":"2015-09-18T13:20:17","guid":{"rendered":"http:\/\/www.ottocarb.com.tr\/uretim\/"},"modified":"2021-09-14T13:31:23","modified_gmt":"2021-09-14T10:31:23","slug":"uretim","status":"publish","type":"page","link":"http:\/\/www.ottocarb.com.tr\/en\/uretim\/","title":{"rendered":"PRODUCTION"},"content":{"rendered":"","protected":false},"excerpt":{"rendered":"","protected":false},"author":2,"featured_media":0,"parent":0,"menu_order":0,"comment_status":"closed","ping_status":"closed","template":"","meta":[],"yoast_head":"<!-- This site is optimized with the Yoast SEO plugin v16.7 - https:\/\/yoast.com\/wordpress\/plugins\/seo\/ -->\n<title>PRODUCTION | Ottocarb End\u00fcstriyel Mineraller San. Tic. A.\u015e.<\/title>\n<meta name=\"description\" content=\"Do\u011fal ve Kapl\u0131 Kalsit Hammadde kontrolleri yap\u0131larak proses i\u015flemine al\u0131nmakta ve s\u00fcrekli proses kontrolleri yap\u0131lmaktad\u0131r.\" \/>\n<meta name=\"robots\" content=\"index, follow, max-snippet:-1, max-image-preview:large, max-video-preview:-1\" \/>\n<link rel=\"canonical\" href=\"http:\/\/www.ottocarb.com.tr\/en\/uretim\/\" \/>\n<meta property=\"og:locale\" content=\"en_US\" \/>\n<meta property=\"og:type\" content=\"article\" \/>\n<meta property=\"og:title\" content=\"PRODUCTION | Ottocarb End\u00fcstriyel Mineraller San. Tic. A.\u015e.\" \/>\n<meta property=\"og:description\" content=\"Do\u011fal ve Kapl\u0131 Kalsit Hammadde kontrolleri yap\u0131larak proses i\u015flemine al\u0131nmakta ve s\u00fcrekli proses kontrolleri yap\u0131lmaktad\u0131r.\" \/>\n<meta property=\"og:url\" content=\"http:\/\/www.ottocarb.com.tr\/en\/uretim\/\" \/>\n<meta property=\"og:site_name\" content=\"Ottocarb End\u00fcstriyel Mineraller San. Tic. A.\u015e.\" \/>\n<meta property=\"article:modified_time\" content=\"2021-09-14T10:31:23+00:00\" \/>\n<meta name=\"twitter:card\" content=\"summary\" \/>\n<script type=\"application\/ld+json\" class=\"yoast-schema-graph\">{\"@context\":\"https:\/\/schema.org\",\"@graph\":[{\"@type\":\"WebSite\",\"@id\":\"https:\/\/www.ottocarb.com.tr\/#website\",\"url\":\"https:\/\/www.ottocarb.com.tr\/\",\"name\":\"Ottocarb End\\u00fcstriyel Mineraller San. Tic. A.\\u015e.\",\"description\":\"Mikronize Kalsit Kalsiyum Karbonat (CaCO3) Sanayi\",\"potentialAction\":[{\"@type\":\"SearchAction\",\"target\":{\"@type\":\"EntryPoint\",\"urlTemplate\":\"https:\/\/www.ottocarb.com.tr\/?s={search_term_string}\"},\"query-input\":\"required name=search_term_string\"}],\"inLanguage\":\"en-US\"},{\"@type\":\"WebPage\",\"@id\":\"http:\/\/www.ottocarb.com.tr\/en\/uretim\/#webpage\",\"url\":\"http:\/\/www.ottocarb.com.tr\/en\/uretim\/\",\"name\":\"PRODUCTION | Ottocarb End\\u00fcstriyel Mineraller San. Tic. A.\\u015e.\",\"isPartOf\":{\"@id\":\"https:\/\/www.ottocarb.com.tr\/#website\"},\"datePublished\":\"2015-09-18T13:20:17+00:00\",\"dateModified\":\"2021-09-14T10:31:23+00:00\",\"description\":\"Do\\u011fal ve Kapl\\u0131 Kalsit Hammadde kontrolleri yap\\u0131larak proses i\\u015flemine al\\u0131nmakta ve s\\u00fcrekli proses kontrolleri yap\\u0131lmaktad\\u0131r.\",\"breadcrumb\":{\"@id\":\"http:\/\/www.ottocarb.com.tr\/en\/uretim\/#breadcrumb\"},\"inLanguage\":\"en-US\",\"potentialAction\":[{\"@type\":\"ReadAction\",\"target\":[\"http:\/\/www.ottocarb.com.tr\/en\/uretim\/\"]}]},{\"@type\":\"BreadcrumbList\",\"@id\":\"http:\/\/www.ottocarb.com.tr\/en\/uretim\/#breadcrumb\",\"itemListElement\":[{\"@type\":\"ListItem\",\"position\":1,\"name\":\"Ana sayfa\",\"item\":\"http:\/\/www.ottocarb.com.tr\/en\/\"},{\"@type\":\"ListItem\",\"position\":2,\"name\":\"PRODUCTION\"}]}]}<\/script>\n<!-- \/ Yoast SEO plugin. -->","yoast_head_json":{"title":"PRODUCTION | Ottocarb End\u00fcstriyel Mineraller San. Tic. A.\u015e.","description":"Do\u011fal ve Kapl\u0131 Kalsit Hammadde kontrolleri yap\u0131larak proses i\u015flemine al\u0131nmakta ve s\u00fcrekli proses kontrolleri yap\u0131lmaktad\u0131r.","robots":{"index":"index","follow":"follow","max-snippet":"max-snippet:-1","max-image-preview":"max-image-preview:large","max-video-preview":"max-video-preview:-1"},"canonical":"http:\/\/www.ottocarb.com.tr\/en\/uretim\/","og_locale":"en_US","og_type":"article","og_title":"PRODUCTION | Ottocarb End\u00fcstriyel Mineraller San. Tic. A.\u015e.","og_description":"Do\u011fal ve Kapl\u0131 Kalsit Hammadde kontrolleri yap\u0131larak proses i\u015flemine al\u0131nmakta ve s\u00fcrekli proses kontrolleri yap\u0131lmaktad\u0131r.","og_url":"http:\/\/www.ottocarb.com.tr\/en\/uretim\/","og_site_name":"Ottocarb End\u00fcstriyel Mineraller San. Tic. A.\u015e.","article_modified_time":"2021-09-14T10:31:23+00:00","twitter_card":"summary","schema":{"@context":"https:\/\/schema.org","@graph":[{"@type":"WebSite","@id":"https:\/\/www.ottocarb.com.tr\/#website","url":"https:\/\/www.ottocarb.com.tr\/","name":"Ottocarb End\u00fcstriyel Mineraller San. Tic. A.\u015e.","description":"Mikronize Kalsit Kalsiyum Karbonat (CaCO3) Sanayi","potentialAction":[{"@type":"SearchAction","target":{"@type":"EntryPoint","urlTemplate":"https:\/\/www.ottocarb.com.tr\/?s={search_term_string}"},"query-input":"required name=search_term_string"}],"inLanguage":"en-US"},{"@type":"WebPage","@id":"http:\/\/www.ottocarb.com.tr\/en\/uretim\/#webpage","url":"http:\/\/www.ottocarb.com.tr\/en\/uretim\/","name":"PRODUCTION | Ottocarb End\u00fcstriyel Mineraller San. Tic. A.\u015e.","isPartOf":{"@id":"https:\/\/www.ottocarb.com.tr\/#website"},"datePublished":"2015-09-18T13:20:17+00:00","dateModified":"2021-09-14T10:31:23+00:00","description":"Do\u011fal ve Kapl\u0131 Kalsit Hammadde kontrolleri yap\u0131larak proses i\u015flemine al\u0131nmakta ve s\u00fcrekli proses kontrolleri yap\u0131lmaktad\u0131r.","breadcrumb":{"@id":"http:\/\/www.ottocarb.com.tr\/en\/uretim\/#breadcrumb"},"inLanguage":"en-US","potentialAction":[{"@type":"ReadAction","target":["http:\/\/www.ottocarb.com.tr\/en\/uretim\/"]}]},{"@type":"BreadcrumbList","@id":"http:\/\/www.ottocarb.com.tr\/en\/uretim\/#breadcrumb","itemListElement":[{"@type":"ListItem","position":1,"name":"Ana sayfa","item":"http:\/\/www.ottocarb.com.tr\/en\/"},{"@type":"ListItem","position":2,"name":"PRODUCTION"}]}]}},"_links":{"self":[{"href":"http:\/\/www.ottocarb.com.tr\/en\/wp-json\/wp\/v2\/pages\/328"}],"collection":[{"href":"http:\/\/www.ottocarb.com.tr\/en\/wp-json\/wp\/v2\/pages"}],"about":[{"href":"http:\/\/www.ottocarb.com.tr\/en\/wp-json\/wp\/v2\/types\/page"}],"author":[{"embeddable":true,"href":"http:\/\/www.ottocarb.com.tr\/en\/wp-json\/wp\/v2\/users\/2"}],"replies":[{"embeddable":true,"href":"http:\/\/www.ottocarb.com.tr\/en\/wp-json\/wp\/v2\/comments?post=328"}],"version-history":[{"count":2,"href":"http:\/\/www.ottocarb.com.tr\/en\/wp-json\/wp\/v2\/pages\/328\/revisions"}],"predecessor-version":[{"id":435,"href":"http:\/\/www.ottocarb.com.tr\/en\/wp-json\/wp\/v2\/pages\/328\/revisions\/435"}],"wp:attachment":[{"href":"http:\/\/www.ottocarb.com.tr\/en\/wp-json\/wp\/v2\/media?parent=328"}],"curies":[{"name":"wp","href":"https:\/\/api.w.org\/{rel}","templated":true}]}}